{"id":32377,"date":"2018-06-19T16:48:16","date_gmt":"2018-06-19T14:48:16","guid":{"rendered":"https:\/\/www.stiftung-denkmal.de\/?post_type=product&#038;p=32377"},"modified":"2025-02-26T12:24:11","modified_gmt":"2025-02-26T11:24:11","slug":"kristallnacht-anti-jewish-terror-1938","status":"publish","type":"product","link":"https:\/\/www.stiftung-denkmal.de\/en\/publikation\/kristallnacht-anti-jewish-terror-1938\/","title":{"rendered":"\u00bbKRISTALLNACHT\u00ab \u2013 Anti-Jewish Terror 1938"},"content":{"rendered":"\t\t<div data-elementor-type=\"product-post\" data-elementor-id=\"32377\" class=\"elementor elementor-32377\" data-elementor-post-type=\"product\">\n\t\t\t\t\t\t<section class=\"elementor-section elementor-top-section elementor-element elementor-element-2366263 elementor-section-boxed elementor-section-height-default elementor-section-height-default\" data-id=\"2366263\" data-element_type=\"section\" data-e-type=\"section\">\n\t\t\t\t\t\t<div class=\"elementor-container elementor-column-gap-default\">\n\t\t\t\t\t<div class=\"elementor-column elementor-col-100 elementor-top-column elementor-element elementor-element-7dfbd11\" data-id=\"7dfbd11\" data-element_type=\"column\" data-e-type=\"column\">\n\t\t\t<div class=\"elementor-widget-wrap elementor-element-populated\">\n\t\t\t\t\t\t<div class=\"elementor-element elementor-element-3e5f09a elementor-widget elementor-widget-text-editor\" data-id=\"3e5f09a\" data-element_type=\"widget\" data-e-type=\"widget\" data-widget_type=\"text-editor.default\">\n\t\t\t\t<div class=\"elementor-widget-container\">\n\t\t\t\t\t\t\t\t\t<p><span lang=\"EN-US\">Eighty years ago, the German state and Nazi Party instigated a campaign of terror against the country\u2019s Jewish population. This exhibition describes what happened. It presents six largely unknown series of photos taken in the German Reich that are illustrative of the extent to which the violence was perpetrated by the local population and in public. In addition, this is the first exhibition to address the diverse approaches to commemorating the events of 9 \/ 10 November 1938 up to the present day.<\/span><\/p>\t\t\t\t\t\t\t\t<\/div>\n\t\t\t\t<\/div>\n\t\t\t\t\t<\/div>\n\t\t<\/div>\n\t\t\t\t\t<\/div>\n\t\t<\/section>\n\t\t\t\t<\/div>\n\t\t","protected":false},"excerpt":{"rendered":"<p><strong>Publisher:<br \/>\nStiftung Denkmal f\u00fcr die ermordeten Juden Europas, Uwe Neum\u00e4rker<br \/>\nStiftung Topographie des Terrors, Prof. Dr. Andreas Nachama<br \/>\n\u00bbKRISTALLNACHT\u00ab \u2013 Anti-Jewish Terror 1938<br \/>\n<\/strong><strong>Berlin, 2018<\/strong><\/p>\n","protected":false},"featured_media":29307,"template":"","meta":[],"product_brand":[],"product_cat":[731],"product_tag":[],"class_list":{"0":"post-32377","1":"product","2":"type-product","3":"status-publish","4":"has-post-thumbnail","6":"product_cat-exhibition-catalogue-en","8":"first","9":"instock","10":"taxable","11":"shipping-taxable","12":"purchasable","13":"product-type-simple"},"yoast_head":"<!-- This site is optimized with the Yoast SEO plugin v27.5 - https:\/\/yoast.com\/product\/yoast-seo-wordpress\/ -->\n<title>\u00bbKRISTALLNACHT\u00ab \u2013 Anti-Jewish Terror 1938 - Stiftung Denkmal f\u00fcr die ermordeten Juden Europas<\/title>\n<meta name=\"robots\" content=\"index, follow, max-snippet:-1, max-image-preview:large, max-video-preview:-1\" \/>\n<link rel=\"canonical\" href=\"https:\/\/www.stiftung-denkmal.de\/en\/publikation\/kristallnacht-anti-jewish-terror-1938\/\" \/>\n<meta property=\"og:locale\" content=\"en_US\" \/>\n<meta property=\"og:type\" content=\"article\" \/>\n<meta property=\"og:title\" content=\"\u00bbKRISTALLNACHT\u00ab \u2013 Anti-Jewish Terror 1938 - Stiftung Denkmal f\u00fcr die ermordeten Juden Europas\" \/>\n<meta property=\"og:description\" content=\"Publisher: Stiftung Denkmal f\u00fcr die ermordeten Juden Europas, Uwe Neum\u00e4rker Stiftung Topographie des Terrors, Prof. Dr. Andreas Nachama \u00bbKRISTALLNACHT\u00ab \u2013 Anti-Jewish Terror 1938 Berlin, 2018\" \/>\n<meta property=\"og:url\" content=\"https:\/\/www.stiftung-denkmal.de\/en\/publikation\/kristallnacht-anti-jewish-terror-1938\/\" \/>\n<meta property=\"og:site_name\" content=\"Stiftung Denkmal f\u00fcr die ermordeten Juden Europas\" \/>\n<meta property=\"article:modified_time\" content=\"2025-02-26T11:24:11+00:00\" \/>\n<meta property=\"og:image\" content=\"https:\/\/www.stiftung-denkmal.de\/wp-content\/uploads\/Katalog_Kristallnacht_Titel.jpg\" \/>\n\t<meta property=\"og:image:width\" content=\"1779\" \/>\n\t<meta property=\"og:image:height\" content=\"2048\" \/>\n\t<meta property=\"og:image:type\" content=\"image\/jpeg\" \/>\n<meta name=\"twitter:card\" content=\"summary_large_image\" \/>\n<meta name=\"twitter:label1\" content=\"Est. reading time\" \/>\n\t<meta name=\"twitter:data1\" content=\"1 minute\" \/>\n<script type=\"application\/ld+json\" class=\"yoast-schema-graph\">{\"@context\":\"https:\\\/\\\/schema.org\",\"@graph\":[{\"@type\":\"WebPage\",\"@id\":\"https:\\\/\\\/www.stiftung-denkmal.de\\\/en\\\/publikation\\\/kristallnacht-anti-jewish-terror-1938\\\/\",\"url\":\"https:\\\/\\\/www.stiftung-denkmal.de\\\/en\\\/publikation\\\/kristallnacht-anti-jewish-terror-1938\\\/\",\"name\":\"\u00bbKRISTALLNACHT\u00ab \u2013 Anti-Jewish Terror 1938 - Stiftung Denkmal f\u00fcr die ermordeten Juden Europas\",\"isPartOf\":{\"@id\":\"https:\\\/\\\/www.stiftung-denkmal.de\\\/en\\\/#website\"},\"primaryImageOfPage\":{\"@id\":\"https:\\\/\\\/www.stiftung-denkmal.de\\\/en\\\/publikation\\\/kristallnacht-anti-jewish-terror-1938\\\/#primaryimage\"},\"image\":{\"@id\":\"https:\\\/\\\/www.stiftung-denkmal.de\\\/en\\\/publikation\\\/kristallnacht-anti-jewish-terror-1938\\\/#primaryimage\"},\"thumbnailUrl\":\"https:\\\/\\\/www.stiftung-denkmal.de\\\/wp-content\\\/uploads\\\/Katalog_Kristallnacht_Titel.jpg\",\"datePublished\":\"2018-06-19T14:48:16+00:00\",\"dateModified\":\"2025-02-26T11:24:11+00:00\",\"breadcrumb\":{\"@id\":\"https:\\\/\\\/www.stiftung-denkmal.de\\\/en\\\/publikation\\\/kristallnacht-anti-jewish-terror-1938\\\/#breadcrumb\"},\"inLanguage\":\"en-US\",\"potentialAction\":[{\"@type\":\"ReadAction\",\"target\":[\"https:\\\/\\\/www.stiftung-denkmal.de\\\/en\\\/publikation\\\/kristallnacht-anti-jewish-terror-1938\\\/\"]}]},{\"@type\":\"ImageObject\",\"inLanguage\":\"en-US\",\"@id\":\"https:\\\/\\\/www.stiftung-denkmal.de\\\/en\\\/publikation\\\/kristallnacht-anti-jewish-terror-1938\\\/#primaryimage\",\"url\":\"https:\\\/\\\/www.stiftung-denkmal.de\\\/wp-content\\\/uploads\\\/Katalog_Kristallnacht_Titel.jpg\",\"contentUrl\":\"https:\\\/\\\/www.stiftung-denkmal.de\\\/wp-content\\\/uploads\\\/Katalog_Kristallnacht_Titel.jpg\",\"width\":1779,\"height\":2048,\"caption\":\"Katalog Kristallnacht Titel\"},{\"@type\":\"BreadcrumbList\",\"@id\":\"https:\\\/\\\/www.stiftung-denkmal.de\\\/en\\\/publikation\\\/kristallnacht-anti-jewish-terror-1938\\\/#breadcrumb\",\"itemListElement\":[{\"@type\":\"ListItem\",\"position\":1,\"name\":\"Startseite\",\"item\":\"https:\\\/\\\/www.stiftung-denkmal.de\\\/en\\\/\"},{\"@type\":\"ListItem\",\"position\":2,\"name\":\"Publications\",\"item\":\"https:\\\/\\\/www.stiftung-denkmal.de\\\/en\\\/publications\\\/\"},{\"@type\":\"ListItem\",\"position\":3,\"name\":\"\u00bbKRISTALLNACHT\u00ab \u2013 Anti-Jewish Terror 1938\"}]},{\"@type\":\"WebSite\",\"@id\":\"https:\\\/\\\/www.stiftung-denkmal.de\\\/en\\\/#website\",\"url\":\"https:\\\/\\\/www.stiftung-denkmal.de\\\/en\\\/\",\"name\":\"Stiftung Denkmal f\u00fcr die ermordeten Juden Europas\",\"description\":\"\",\"publisher\":{\"@id\":\"https:\\\/\\\/www.stiftung-denkmal.de\\\/en\\\/#organization\"},\"potentialAction\":[{\"@type\":\"SearchAction\",\"target\":{\"@type\":\"EntryPoint\",\"urlTemplate\":\"https:\\\/\\\/www.stiftung-denkmal.de\\\/en\\\/?s={search_term_string}\"},\"query-input\":{\"@type\":\"PropertyValueSpecification\",\"valueRequired\":true,\"valueName\":\"search_term_string\"}}],\"inLanguage\":\"en-US\"},{\"@type\":\"Organization\",\"@id\":\"https:\\\/\\\/www.stiftung-denkmal.de\\\/en\\\/#organization\",\"name\":\"Stiftung Denkmal f\u00fcr die ermordeten Juden Europas\",\"url\":\"https:\\\/\\\/www.stiftung-denkmal.de\\\/en\\\/\",\"logo\":{\"@type\":\"ImageObject\",\"inLanguage\":\"en-US\",\"@id\":\"https:\\\/\\\/www.stiftung-denkmal.de\\\/en\\\/#\\\/schema\\\/logo\\\/image\\\/\",\"url\":\"https:\\\/\\\/www.stiftung-denkmal.de\\\/wp-content\\\/uploads\\\/LOGOPC_small.jpg\",\"contentUrl\":\"https:\\\/\\\/www.stiftung-denkmal.de\\\/wp-content\\\/uploads\\\/LOGOPC_small.jpg\",\"width\":128,\"height\":116,\"caption\":\"Stiftung Denkmal f\u00fcr die ermordeten Juden Europas\"},\"image\":{\"@id\":\"https:\\\/\\\/www.stiftung-denkmal.de\\\/en\\\/#\\\/schema\\\/logo\\\/image\\\/\"}}]}<\/script>\n<!-- \/ Yoast SEO plugin. -->","yoast_head_json":{"title":"\u00bbKRISTALLNACHT\u00ab \u2013 Anti-Jewish Terror 1938 - Stiftung Denkmal f\u00fcr die ermordeten Juden Europas","robots":{"index":"index","follow":"follow","max-snippet":"max-snippet:-1","max-image-preview":"max-image-preview:large","max-video-preview":"max-video-preview:-1"},"canonical":"https:\/\/www.stiftung-denkmal.de\/en\/publikation\/kristallnacht-anti-jewish-terror-1938\/","og_locale":"en_US","og_type":"article","og_title":"\u00bbKRISTALLNACHT\u00ab \u2013 Anti-Jewish Terror 1938 - Stiftung Denkmal f\u00fcr die ermordeten Juden Europas","og_description":"Publisher: Stiftung Denkmal f\u00fcr die ermordeten Juden Europas, Uwe Neum\u00e4rker Stiftung Topographie des Terrors, Prof. Dr. Andreas Nachama \u00bbKRISTALLNACHT\u00ab \u2013 Anti-Jewish Terror 1938 Berlin, 2018","og_url":"https:\/\/www.stiftung-denkmal.de\/en\/publikation\/kristallnacht-anti-jewish-terror-1938\/","og_site_name":"Stiftung Denkmal f\u00fcr die ermordeten Juden Europas","article_modified_time":"2025-02-26T11:24:11+00:00","og_image":[{"width":1779,"height":2048,"url":"https:\/\/www.stiftung-denkmal.de\/wp-content\/uploads\/Katalog_Kristallnacht_Titel.jpg","type":"image\/jpeg"}],"twitter_card":"summary_large_image","twitter_misc":{"Est. reading time":"1 minute"},"schema":{"@context":"https:\/\/schema.org","@graph":[{"@type":"WebPage","@id":"https:\/\/www.stiftung-denkmal.de\/en\/publikation\/kristallnacht-anti-jewish-terror-1938\/","url":"https:\/\/www.stiftung-denkmal.de\/en\/publikation\/kristallnacht-anti-jewish-terror-1938\/","name":"\u00bbKRISTALLNACHT\u00ab \u2013 Anti-Jewish Terror 1938 - Stiftung Denkmal f\u00fcr die ermordeten Juden Europas","isPartOf":{"@id":"https:\/\/www.stiftung-denkmal.de\/en\/#website"},"primaryImageOfPage":{"@id":"https:\/\/www.stiftung-denkmal.de\/en\/publikation\/kristallnacht-anti-jewish-terror-1938\/#primaryimage"},"image":{"@id":"https:\/\/www.stiftung-denkmal.de\/en\/publikation\/kristallnacht-anti-jewish-terror-1938\/#primaryimage"},"thumbnailUrl":"https:\/\/www.stiftung-denkmal.de\/wp-content\/uploads\/Katalog_Kristallnacht_Titel.jpg","datePublished":"2018-06-19T14:48:16+00:00","dateModified":"2025-02-26T11:24:11+00:00","breadcrumb":{"@id":"https:\/\/www.stiftung-denkmal.de\/en\/publikation\/kristallnacht-anti-jewish-terror-1938\/#breadcrumb"},"inLanguage":"en-US","potentialAction":[{"@type":"ReadAction","target":["https:\/\/www.stiftung-denkmal.de\/en\/publikation\/kristallnacht-anti-jewish-terror-1938\/"]}]},{"@type":"ImageObject","inLanguage":"en-US","@id":"https:\/\/www.stiftung-denkmal.de\/en\/publikation\/kristallnacht-anti-jewish-terror-1938\/#primaryimage","url":"https:\/\/www.stiftung-denkmal.de\/wp-content\/uploads\/Katalog_Kristallnacht_Titel.jpg","contentUrl":"https:\/\/www.stiftung-denkmal.de\/wp-content\/uploads\/Katalog_Kristallnacht_Titel.jpg","width":1779,"height":2048,"caption":"Katalog Kristallnacht Titel"},{"@type":"BreadcrumbList","@id":"https:\/\/www.stiftung-denkmal.de\/en\/publikation\/kristallnacht-anti-jewish-terror-1938\/#breadcrumb","itemListElement":[{"@type":"ListItem","position":1,"name":"Startseite","item":"https:\/\/www.stiftung-denkmal.de\/en\/"},{"@type":"ListItem","position":2,"name":"Publications","item":"https:\/\/www.stiftung-denkmal.de\/en\/publications\/"},{"@type":"ListItem","position":3,"name":"\u00bbKRISTALLNACHT\u00ab \u2013 Anti-Jewish Terror 1938"}]},{"@type":"WebSite","@id":"https:\/\/www.stiftung-denkmal.de\/en\/#website","url":"https:\/\/www.stiftung-denkmal.de\/en\/","name":"Stiftung Denkmal f\u00fcr die ermordeten Juden Europas","description":"","publisher":{"@id":"https:\/\/www.stiftung-denkmal.de\/en\/#organization"},"potentialAction":[{"@type":"SearchAction","target":{"@type":"EntryPoint","urlTemplate":"https:\/\/www.stiftung-denkmal.de\/en\/?s={search_term_string}"},"query-input":{"@type":"PropertyValueSpecification","valueRequired":true,"valueName":"search_term_string"}}],"inLanguage":"en-US"},{"@type":"Organization","@id":"https:\/\/www.stiftung-denkmal.de\/en\/#organization","name":"Stiftung Denkmal f\u00fcr die ermordeten Juden Europas","url":"https:\/\/www.stiftung-denkmal.de\/en\/","logo":{"@type":"ImageObject","inLanguage":"en-US","@id":"https:\/\/www.stiftung-denkmal.de\/en\/#\/schema\/logo\/image\/","url":"https:\/\/www.stiftung-denkmal.de\/wp-content\/uploads\/LOGOPC_small.jpg","contentUrl":"https:\/\/www.stiftung-denkmal.de\/wp-content\/uploads\/LOGOPC_small.jpg","width":128,"height":116,"caption":"Stiftung Denkmal f\u00fcr die ermordeten Juden Europas"},"image":{"@id":"https:\/\/www.stiftung-denkmal.de\/en\/#\/schema\/logo\/image\/"}}]}},"_links":{"self":[{"href":"https:\/\/www.stiftung-denkmal.de\/en\/wp-json\/wp\/v2\/product\/32377","targetHints":{"allow":["GET"]}}],"collection":[{"href":"https:\/\/www.stiftung-denkmal.de\/en\/wp-json\/wp\/v2\/product"}],"about":[{"href":"https:\/\/www.stiftung-denkmal.de\/en\/wp-json\/wp\/v2\/types\/product"}],"version-history":[{"count":1,"href":"https:\/\/www.stiftung-denkmal.de\/en\/wp-json\/wp\/v2\/product\/32377\/revisions"}],"predecessor-version":[{"id":68284,"href":"https:\/\/www.stiftung-denkmal.de\/en\/wp-json\/wp\/v2\/product\/32377\/revisions\/68284"}],"wp:featuredmedia":[{"embeddable":true,"href":"https:\/\/www.stiftung-denkmal.de\/en\/wp-json\/wp\/v2\/media\/29307"}],"wp:attachment":[{"href":"https:\/\/www.stiftung-denkmal.de\/en\/wp-json\/wp\/v2\/media?parent=32377"}],"wp:term":[{"taxonomy":"product_brand","embeddable":true,"href":"https:\/\/www.stiftung-denkmal.de\/en\/wp-json\/wp\/v2\/product_brand?post=32377"},{"taxonomy":"product_cat","embeddable":true,"href":"https:\/\/www.stiftung-denkmal.de\/en\/wp-json\/wp\/v2\/product_cat?post=32377"},{"taxonomy":"product_tag","embeddable":true,"href":"https:\/\/www.stiftung-denkmal.de\/en\/wp-json\/wp\/v2\/product_tag?post=32377"}],"curies":[{"name":"wp","href":"https:\/\/api.w.org\/{rel}","templated":true}]}}