{"id":37016,"date":"2020-01-14T16:57:00","date_gmt":"2020-01-14T15:57:00","guid":{"rendered":"https:\/\/www.stiftung-denkmal.de\/foundation\/vacancies\/"},"modified":"2024-06-12T08:57:49","modified_gmt":"2024-06-12T06:57:49","slug":"vacancies","status":"publish","type":"page","link":"https:\/\/www.stiftung-denkmal.de\/en\/foundation\/vacancies\/","title":{"rendered":"Jobs"},"content":{"rendered":"\t\t<div data-elementor-type=\"wp-post\" data-elementor-id=\"37016\" class=\"elementor elementor-37016 elementor-18907\" data-elementor-post-type=\"page\">\n\t\t\t\t\t\t<section class=\"elementor-section elementor-top-section elementor-element elementor-element-e0a235d elementor-section-boxed elementor-section-height-default elementor-section-height-default\" data-id=\"e0a235d\" data-element_type=\"section\" data-e-type=\"section\">\n\t\t\t\t\t\t<div class=\"elementor-container elementor-column-gap-default\">\n\t\t\t\t\t<div class=\"elementor-column elementor-col-100 elementor-top-column elementor-element elementor-element-cd41f73\" data-id=\"cd41f73\" data-element_type=\"column\" data-e-type=\"column\">\n\t\t\t<div class=\"elementor-widget-wrap elementor-element-populated\">\n\t\t\t\t\t\t<div class=\"elementor-element elementor-element-ed95f45 elementor-widget elementor-widget-text-editor\" data-id=\"ed95f45\" data-element_type=\"widget\" data-e-type=\"widget\" data-widget_type=\"text-editor.default\">\n\t\t\t\t<div class=\"elementor-widget-container\">\n\t\t\t\t\t\t\t\t\t<h2>3 studierende Aushilfen (m\/w\/d) gesucht <\/h2>\n\t\t\t\t\t\t\t\t<\/div>\n\t\t\t\t<\/div>\n\t\t\t\t\t<\/div>\n\t\t<\/div>\n\t\t\t\t\t<\/div>\n\t\t<\/section>\n\t\t\t\t<section class=\"elementor-section elementor-top-section elementor-element elementor-element-922d57a elementor-section-boxed elementor-section-height-default elementor-section-height-default\" data-id=\"922d57a\" data-element_type=\"section\" data-e-type=\"section\">\n\t\t\t\t\t\t<div class=\"elementor-container elementor-column-gap-default\">\n\t\t\t\t\t<div class=\"elementor-column elementor-col-100 elementor-top-column elementor-element elementor-element-1debb3a\" data-id=\"1debb3a\" data-element_type=\"column\" data-e-type=\"column\">\n\t\t\t<div class=\"elementor-widget-wrap elementor-element-populated\">\n\t\t\t\t\t\t<div class=\"elementor-element elementor-element-82fe535 elementor-widget elementor-widget-text-editor\" data-id=\"82fe535\" data-element_type=\"widget\" data-e-type=\"widget\" data-widget_type=\"text-editor.default\">\n\t\t\t\t<div class=\"elementor-widget-container\">\n\t\t\t\t\t\t\t\t\t<div class=\"mtop15\">\n<div class=\"tab-content mtop15\">\n<div id=\"transTab_main\" class=\"tab-pane fade in active\">\n<div class=\"hfn-item-fulltext\">\n<p>Die bundesunmittelbare Stiftung Denkmal f\u00fcr die ermordeten Juden Europas sucht f\u00fcr drei verschiedene Arbeitsbereiche sp\u00e4testens <strong>zum 1. September 2024, m\u00f6glichst fr\u00fcher,<\/strong> drei Studentische Hilfskr\u00e4fte (m\/w\/d) mit einer w\u00f6chentlichen Arbeitszeit von <strong>19,5 Stunden<\/strong>, befristet f\u00fcr <strong>maximal 24 Monate<\/strong>.<\/p>\n<\/div>\n<\/div>\n<\/div>\n<\/div>\n<div class=\"tab-content mtop15\">\n<div id=\"transTab_event_main\" class=\"tab-pane fade in active\">\n<div class=\"hfn-item-fulltext\">\n<p>Die Stiftung Denkmal f\u00fcr die ermordeten Juden Europas ist eine bundesunmittelbare Stiftung, die aufgrund eines Beschlusses des Deutschen Bundestages vom 25. Juni 1999 gegr\u00fcndet wurde. Sie betreut das Denkmal f\u00fcr die ermordeten Juden Europas mit dem Ort der Information und \u2013 nach einer Gesetzes\u00e4nderung vom 3. Juli 2009 \u2013 auch die Denkm\u00e4ler f\u00fcr die im Nationalsozialismus verfolgten Homosexuellen, f\u00fcr die ermordeten Sinti und Roma sowie f\u00fcr die NS-\u00bbEuthanasie\u00ab-Morde. Die Stiftung hat zudem den Auftrag, dazu beizutragen, \u00bbdie Erinnerung an alle Opfer des Nationalsozialismus und ihre W\u00fcrdigung in geeigneter Weise sicherzustellen\u00ab. Sie f\u00fchrt Sonderausstellungen, Vortrags- und Seminarveranstaltungen durch und erstellt begleitende Publikationen. <\/p>\n<p><strong>Wir suchen:<\/strong><\/p>\n<p><strong>Stelle 1:<\/strong> eine studierende Aushilfe im Bereich Dokumentation und Erinnerung des V\u00f6lkermords an den Roma und Sinti Europas (Denkmal, Dauerausstellung, digitale Angebote) <br \/>Bewerbungen bitte an <a href=\"mailto:jana.mechelhoff-herezi@stiftung-denkmal.de\">jana.mechelhoff-herezi@stiftung-denkmal.de<\/a> <br \/>Telefonische R\u00fcckfragen: 030\/26 39 43 29<\/p>\n<p><strong>Stelle 2:<\/strong> eine studierende Aushilfe im Bereich Erinnerungskultur und internationale Beziehungen, insbesondere f\u00fcr die Erweiterung der Webseite <a href=\"https:\/\/www.memorialmuseums.org\/\" target=\"e_c_cc10815adb5e4416f4bc8a0ae45aafbb\">https:\/\/www.memorialmuseums.org\/<\/a> (\u00bbGedenkst\u00e4ttenportal\u00ab) <br \/>Bewerbungen bitte an <a href=\"mailto:adam.kerpel-fronius@stiftung-denkmal.de\">adam.kerpel-fronius@stiftung-denkmal.de<\/a> <br \/>Telefonische R\u00fcckfragen: 030\/26 39 43 15<\/p>\n<p><strong>Stelle 3:<\/strong> eine studierende Aushilfe im Bereich Sonderausstellungen, Betreuung der Wanderausstellungen der Stiftung, insbesondere zu den Verurteilten der Wehrmachtjustiz und zu den im Nationalsozialismus als \u00bbAsoziale\u00ab und \u00bbBerufsverbrecher\u00ab Verfolgten <br \/>Bewerbungen bitte an <a href=\"mailto:ulrich.baumann@stiftung-denkmal.de\">ulrich.baumann@stiftung-denkmal.de<\/a> <br \/>Telefonische R\u00fcckfragen: 030\/26 39 43 27<\/p>\n<p><strong>Verg\u00fctung<\/strong><br \/>Die Verg\u00fctung und Sozialleistungen richten sich jeweils nach dem Tarifvertrag des \u00f6ffentlichen Dienstes (Entgeltgruppe 4, TV\u00f6D, EntgO Bund, Stufe 1). <\/p>\n<p><strong>T\u00e4tigkeit<\/strong><br \/>Die T\u00e4tigkeit besteht in der Unterst\u00fctzung des jeweiligen wissenschaftlichen Fachbereichs bei Recherchen, bei der Vorbereitung von Ausstellungen, von digitalen und analogen Publikationen, Zuarbeit bei Datenbankeintr\u00e4gen und f\u00fcr Veranstaltungen und Arbeitstreffen, sowie f\u00fcr die \u00d6ffentlichkeitsarbeit in den drei oben genannten Bereichen, sowie im Fall der Aushilfe beim Bereich Wanderausstellungen (Stelle 3) in der Unterst\u00fctzung bei der Kuration und Produktion erg\u00e4nzender Ausstellungsteile, beim Leihverkehr, bei der Kommunikation mit \u00f6rtlichen Netzwerken und bei der Implementierung lokaler p\u00e4dagogischer Programme und des Begleitprogramms. <\/p>\n<p><strong>Anforderungen<\/strong><\/p>\n<p>Der\/die Bewerber\/-in sollte folgende Anforderungen erf\u00fcllen: <\/p>\n<ul>\n<li>Noch mindestens anderthalb Jahre Immatrikulation als ordentlich Studierende\/-r an einer Universit\u00e4t oder Hochschule<\/li>\n<li>Hochschulstudium in einem geisteswissenschaftlichen Studienfach (Geschichte, vorzugsweise Nationalsozialismus und Zweiter Weltkrieg \/ Politik\/ Kulturwissenschaften\/ Kulturmanagement)<\/li>\n<li>Strukturiertes und selbstst\u00e4ndiges Arbeiten<\/li>\n<li>F\u00e4higkeit zur wissenschaftlichen Recherche<\/li>\n<li>Organisationsgeschick\u00a0<\/li>\n<li>Sicherer Umgang mit den Microsoft-Office-Programmen<\/li>\n<li>Erste Arbeitserfahrungen im Bereich Kulturmanagement und wissenschaftliche Recherche, z.B. durch Praktika<\/li>\n<li>Sichere Deutsch- und Englischkenntnisse in Wort und Schrift, erw\u00fcnscht: Kenntnisse des Romanes (Stelle 1) bzw. einer osteurop\u00e4ischen Sprache (Stelle 2) (in beiden F\u00e4llen nicht zwingend)<\/li>\n<\/ul>\n<p><strong>Bewerbung<\/strong><br \/>Bitte bewerben Sie sich ausschlie\u00dflich per E-Mail und nur um eine der drei Stellen. <br \/>F\u00fcgen Sie Ihrer Bewerbung ein aussagekr\u00e4ftiges Anschreiben, einen tabellarischen Lebenslauf, Zeugnisse sowie die aktuelle Immatrikulationsbescheinigung bei (max. 4 MB) und senden uns diese bitte <strong>per E-Mail bis zum 23. Juni 2024<\/strong> an die o. a. E-Mail-Adressen zur jeweiligen Stelle, f\u00fcr die Sie sich bewerben. <br \/>Bitte setzen Sie in jedem Fall in cc: verwaltung@stiftung-denkmal.de. <br \/>Bei gleicher Eignung, Bef\u00e4higung und fachlicher Leistung werden Frauen nach dem Bundesgleichstellungsgesetz und schwerbehinderte Menschen nach Ma\u00dfgabe des SGB IX besonders ber\u00fccksichtigt. <br \/>Die <strong>Vorstellungsgespr\u00e4che<\/strong> finden voraussichtlich in der<strong> 27. Kalenderwoche 2024<\/strong> in der Gesch\u00e4ftsstelle der <br \/>Stiftung Denkmal f\u00fcr die ermordeten Juden Europas, Georgenstra\u00dfe 23, 10117 Berlin statt. <br \/>Dazu wird gesondert eingeladen. <br \/>Vorstellungskosten werden gem\u00e4\u00df dem Bundesreisekostengesetz in H\u00f6he von 50% erstattet. <br \/>N\u00e4here Informationen zur Stiftung Denkmal f\u00fcr die ermordeten Juden Europas sind unter <a href=\"http:\/\/www.stiftung-denkmal.de\" target=\"e_c_85d8c1874a1053089332a0141c5ba8aa\">http:\/\/www.stiftung-denkmal.de<\/a> zug\u00e4nglich.<\/p>\n<\/div>\n<\/div>\n<\/div>\n<div id=\"hfn-item-contact\"><b>Kontakt der Verwaltung: <\/b>Robert Heinze, <a href=\"mailto:verwaltung@stiftung-denkmal.de\">verwaltung@stiftung-denkmal.de<\/a><\/div>\n\t\t\t\t\t\t\t\t<\/div>\n\t\t\t\t<\/div>\n\t\t\t\t<div class=\"elementor-element elementor-element-8b541bd elementor-widget-divider--view-line elementor-widget elementor-widget-divider\" data-id=\"8b541bd\" data-element_type=\"widget\" data-e-type=\"widget\" data-widget_type=\"divider.default\">\n\t\t\t\t<div class=\"elementor-widget-container\">\n\t\t\t\t\t\t\t<div class=\"elementor-divider\">\n\t\t\t<span class=\"elementor-divider-separator\">\n\t\t\t\t\t\t<\/span>\n\t\t<\/div>\n\t\t\t\t\t\t<\/div>\n\t\t\t\t<\/div>\n\t\t\t\t\t<\/div>\n\t\t<\/div>\n\t\t\t\t\t<\/div>\n\t\t<\/section>\n\t\t\t\t<\/div>\n\t\t","protected":false},"excerpt":{"rendered":"<p>3 studierende Aushilfen (m\/w\/d) gesucht Die bundesunmittelbare Stiftung Denkmal f\u00fcr<\/p>\n","protected":false},"author":1,"featured_media":32659,"parent":33179,"menu_order":8,"comment_status":"closed","ping_status":"closed","template":"","meta":{"footnotes":""},"class_list":["post-37016","page","type-page","status-publish","has-post-thumbnail"],"yoast_head":"<!-- This site is optimized with the Yoast SEO plugin v27.5 - https:\/\/yoast.com\/product\/yoast-seo-wordpress\/ -->\n<title>Jobs - Stiftung Denkmal f\u00fcr die ermordeten Juden Europas<\/title>\n<meta name=\"robots\" content=\"index, follow, max-snippet:-1, max-image-preview:large, max-video-preview:-1\" \/>\n<link rel=\"canonical\" href=\"https:\/\/www.stiftung-denkmal.de\/en\/foundation\/vacancies\/\" \/>\n<meta property=\"og:locale\" content=\"en_US\" \/>\n<meta property=\"og:type\" content=\"article\" \/>\n<meta property=\"og:title\" content=\"Jobs - Stiftung Denkmal f\u00fcr die ermordeten Juden Europas\" \/>\n<meta property=\"og:description\" content=\"3 studierende Aushilfen (m\/w\/d) gesucht Die bundesunmittelbare Stiftung Denkmal f\u00fcr\" \/>\n<meta property=\"og:url\" content=\"https:\/\/www.stiftung-denkmal.de\/en\/foundation\/vacancies\/\" \/>\n<meta property=\"og:site_name\" content=\"Stiftung Denkmal f\u00fcr die ermordeten Juden Europas\" \/>\n<meta property=\"article:modified_time\" content=\"2024-06-12T06:57:49+00:00\" \/>\n<meta property=\"og:image\" content=\"https:\/\/www.stiftung-denkmal.de\/wp-content\/uploads\/MG_9469-1.jpg\" \/>\n\t<meta property=\"og:image:width\" content=\"2048\" \/>\n\t<meta property=\"og:image:height\" content=\"1365\" \/>\n\t<meta property=\"og:image:type\" content=\"image\/jpeg\" \/>\n<meta name=\"twitter:card\" content=\"summary_large_image\" \/>\n<meta name=\"twitter:label1\" content=\"Est. reading time\" \/>\n\t<meta name=\"twitter:data1\" content=\"5 minutes\" \/>\n<script type=\"application\/ld+json\" class=\"yoast-schema-graph\">{\"@context\":\"https:\\\/\\\/schema.org\",\"@graph\":[{\"@type\":\"WebPage\",\"@id\":\"https:\\\/\\\/www.stiftung-denkmal.de\\\/en\\\/foundation\\\/vacancies\\\/\",\"url\":\"https:\\\/\\\/www.stiftung-denkmal.de\\\/en\\\/foundation\\\/vacancies\\\/\",\"name\":\"Jobs - Stiftung Denkmal f\u00fcr die ermordeten Juden Europas\",\"isPartOf\":{\"@id\":\"https:\\\/\\\/www.stiftung-denkmal.de\\\/en\\\/#website\"},\"primaryImageOfPage\":{\"@id\":\"https:\\\/\\\/www.stiftung-denkmal.de\\\/en\\\/foundation\\\/vacancies\\\/#primaryimage\"},\"image\":{\"@id\":\"https:\\\/\\\/www.stiftung-denkmal.de\\\/en\\\/foundation\\\/vacancies\\\/#primaryimage\"},\"thumbnailUrl\":\"https:\\\/\\\/www.stiftung-denkmal.de\\\/wp-content\\\/uploads\\\/MG_9469-1.jpg\",\"datePublished\":\"2020-01-14T15:57:00+00:00\",\"dateModified\":\"2024-06-12T06:57:49+00:00\",\"breadcrumb\":{\"@id\":\"https:\\\/\\\/www.stiftung-denkmal.de\\\/en\\\/foundation\\\/vacancies\\\/#breadcrumb\"},\"inLanguage\":\"en-US\",\"potentialAction\":[{\"@type\":\"ReadAction\",\"target\":[\"https:\\\/\\\/www.stiftung-denkmal.de\\\/en\\\/foundation\\\/vacancies\\\/\"]}]},{\"@type\":\"ImageObject\",\"inLanguage\":\"en-US\",\"@id\":\"https:\\\/\\\/www.stiftung-denkmal.de\\\/en\\\/foundation\\\/vacancies\\\/#primaryimage\",\"url\":\"https:\\\/\\\/www.stiftung-denkmal.de\\\/wp-content\\\/uploads\\\/MG_9469-1.jpg\",\"contentUrl\":\"https:\\\/\\\/www.stiftung-denkmal.de\\\/wp-content\\\/uploads\\\/MG_9469-1.jpg\",\"width\":2048,\"height\":1365,\"caption\":\"MG 9469\"},{\"@type\":\"BreadcrumbList\",\"@id\":\"https:\\\/\\\/www.stiftung-denkmal.de\\\/en\\\/foundation\\\/vacancies\\\/#breadcrumb\",\"itemListElement\":[{\"@type\":\"ListItem\",\"position\":1,\"name\":\"Startseite\",\"item\":\"https:\\\/\\\/www.stiftung-denkmal.de\\\/en\\\/\"},{\"@type\":\"ListItem\",\"position\":2,\"name\":\"Foundation\",\"item\":\"https:\\\/\\\/www.stiftung-denkmal.de\\\/en\\\/foundation\\\/\"},{\"@type\":\"ListItem\",\"position\":3,\"name\":\"Jobs\"}]},{\"@type\":\"WebSite\",\"@id\":\"https:\\\/\\\/www.stiftung-denkmal.de\\\/en\\\/#website\",\"url\":\"https:\\\/\\\/www.stiftung-denkmal.de\\\/en\\\/\",\"name\":\"Stiftung Denkmal f\u00fcr die ermordeten Juden Europas\",\"description\":\"\",\"publisher\":{\"@id\":\"https:\\\/\\\/www.stiftung-denkmal.de\\\/en\\\/#organization\"},\"potentialAction\":[{\"@type\":\"SearchAction\",\"target\":{\"@type\":\"EntryPoint\",\"urlTemplate\":\"https:\\\/\\\/www.stiftung-denkmal.de\\\/en\\\/?s={search_term_string}\"},\"query-input\":{\"@type\":\"PropertyValueSpecification\",\"valueRequired\":true,\"valueName\":\"search_term_string\"}}],\"inLanguage\":\"en-US\"},{\"@type\":\"Organization\",\"@id\":\"https:\\\/\\\/www.stiftung-denkmal.de\\\/en\\\/#organization\",\"name\":\"Stiftung Denkmal f\u00fcr die ermordeten Juden Europas\",\"url\":\"https:\\\/\\\/www.stiftung-denkmal.de\\\/en\\\/\",\"logo\":{\"@type\":\"ImageObject\",\"inLanguage\":\"en-US\",\"@id\":\"https:\\\/\\\/www.stiftung-denkmal.de\\\/en\\\/#\\\/schema\\\/logo\\\/image\\\/\",\"url\":\"https:\\\/\\\/www.stiftung-denkmal.de\\\/wp-content\\\/uploads\\\/LOGOPC_small.jpg\",\"contentUrl\":\"https:\\\/\\\/www.stiftung-denkmal.de\\\/wp-content\\\/uploads\\\/LOGOPC_small.jpg\",\"width\":128,\"height\":116,\"caption\":\"Stiftung Denkmal f\u00fcr die ermordeten Juden Europas\"},\"image\":{\"@id\":\"https:\\\/\\\/www.stiftung-denkmal.de\\\/en\\\/#\\\/schema\\\/logo\\\/image\\\/\"}}]}<\/script>\n<!-- \/ Yoast SEO plugin. -->","yoast_head_json":{"title":"Jobs - Stiftung Denkmal f\u00fcr die ermordeten Juden Europas","robots":{"index":"index","follow":"follow","max-snippet":"max-snippet:-1","max-image-preview":"max-image-preview:large","max-video-preview":"max-video-preview:-1"},"canonical":"https:\/\/www.stiftung-denkmal.de\/en\/foundation\/vacancies\/","og_locale":"en_US","og_type":"article","og_title":"Jobs - Stiftung Denkmal f\u00fcr die ermordeten Juden Europas","og_description":"3 studierende Aushilfen (m\/w\/d) gesucht Die bundesunmittelbare Stiftung Denkmal f\u00fcr","og_url":"https:\/\/www.stiftung-denkmal.de\/en\/foundation\/vacancies\/","og_site_name":"Stiftung Denkmal f\u00fcr die ermordeten Juden Europas","article_modified_time":"2024-06-12T06:57:49+00:00","og_image":[{"width":2048,"height":1365,"url":"https:\/\/www.stiftung-denkmal.de\/wp-content\/uploads\/MG_9469-1.jpg","type":"image\/jpeg"}],"twitter_card":"summary_large_image","twitter_misc":{"Est. reading time":"5 minutes"},"schema":{"@context":"https:\/\/schema.org","@graph":[{"@type":"WebPage","@id":"https:\/\/www.stiftung-denkmal.de\/en\/foundation\/vacancies\/","url":"https:\/\/www.stiftung-denkmal.de\/en\/foundation\/vacancies\/","name":"Jobs - Stiftung Denkmal f\u00fcr die ermordeten Juden Europas","isPartOf":{"@id":"https:\/\/www.stiftung-denkmal.de\/en\/#website"},"primaryImageOfPage":{"@id":"https:\/\/www.stiftung-denkmal.de\/en\/foundation\/vacancies\/#primaryimage"},"image":{"@id":"https:\/\/www.stiftung-denkmal.de\/en\/foundation\/vacancies\/#primaryimage"},"thumbnailUrl":"https:\/\/www.stiftung-denkmal.de\/wp-content\/uploads\/MG_9469-1.jpg","datePublished":"2020-01-14T15:57:00+00:00","dateModified":"2024-06-12T06:57:49+00:00","breadcrumb":{"@id":"https:\/\/www.stiftung-denkmal.de\/en\/foundation\/vacancies\/#breadcrumb"},"inLanguage":"en-US","potentialAction":[{"@type":"ReadAction","target":["https:\/\/www.stiftung-denkmal.de\/en\/foundation\/vacancies\/"]}]},{"@type":"ImageObject","inLanguage":"en-US","@id":"https:\/\/www.stiftung-denkmal.de\/en\/foundation\/vacancies\/#primaryimage","url":"https:\/\/www.stiftung-denkmal.de\/wp-content\/uploads\/MG_9469-1.jpg","contentUrl":"https:\/\/www.stiftung-denkmal.de\/wp-content\/uploads\/MG_9469-1.jpg","width":2048,"height":1365,"caption":"MG 9469"},{"@type":"BreadcrumbList","@id":"https:\/\/www.stiftung-denkmal.de\/en\/foundation\/vacancies\/#breadcrumb","itemListElement":[{"@type":"ListItem","position":1,"name":"Startseite","item":"https:\/\/www.stiftung-denkmal.de\/en\/"},{"@type":"ListItem","position":2,"name":"Foundation","item":"https:\/\/www.stiftung-denkmal.de\/en\/foundation\/"},{"@type":"ListItem","position":3,"name":"Jobs"}]},{"@type":"WebSite","@id":"https:\/\/www.stiftung-denkmal.de\/en\/#website","url":"https:\/\/www.stiftung-denkmal.de\/en\/","name":"Stiftung Denkmal f\u00fcr die ermordeten Juden Europas","description":"","publisher":{"@id":"https:\/\/www.stiftung-denkmal.de\/en\/#organization"},"potentialAction":[{"@type":"SearchAction","target":{"@type":"EntryPoint","urlTemplate":"https:\/\/www.stiftung-denkmal.de\/en\/?s={search_term_string}"},"query-input":{"@type":"PropertyValueSpecification","valueRequired":true,"valueName":"search_term_string"}}],"inLanguage":"en-US"},{"@type":"Organization","@id":"https:\/\/www.stiftung-denkmal.de\/en\/#organization","name":"Stiftung Denkmal f\u00fcr die ermordeten Juden Europas","url":"https:\/\/www.stiftung-denkmal.de\/en\/","logo":{"@type":"ImageObject","inLanguage":"en-US","@id":"https:\/\/www.stiftung-denkmal.de\/en\/#\/schema\/logo\/image\/","url":"https:\/\/www.stiftung-denkmal.de\/wp-content\/uploads\/LOGOPC_small.jpg","contentUrl":"https:\/\/www.stiftung-denkmal.de\/wp-content\/uploads\/LOGOPC_small.jpg","width":128,"height":116,"caption":"Stiftung Denkmal f\u00fcr die ermordeten Juden Europas"},"image":{"@id":"https:\/\/www.stiftung-denkmal.de\/en\/#\/schema\/logo\/image\/"}}]}},"_links":{"self":[{"href":"https:\/\/www.stiftung-denkmal.de\/en\/wp-json\/wp\/v2\/pages\/37016","targetHints":{"allow":["GET"]}}],"collection":[{"href":"https:\/\/www.stiftung-denkmal.de\/en\/wp-json\/wp\/v2\/pages"}],"about":[{"href":"https:\/\/www.stiftung-denkmal.de\/en\/wp-json\/wp\/v2\/types\/page"}],"author":[{"embeddable":true,"href":"https:\/\/www.stiftung-denkmal.de\/en\/wp-json\/wp\/v2\/users\/1"}],"replies":[{"embeddable":true,"href":"https:\/\/www.stiftung-denkmal.de\/en\/wp-json\/wp\/v2\/comments?post=37016"}],"version-history":[{"count":1,"href":"https:\/\/www.stiftung-denkmal.de\/en\/wp-json\/wp\/v2\/pages\/37016\/revisions"}],"predecessor-version":[{"id":67509,"href":"https:\/\/www.stiftung-denkmal.de\/en\/wp-json\/wp\/v2\/pages\/37016\/revisions\/67509"}],"up":[{"embeddable":true,"href":"https:\/\/www.stiftung-denkmal.de\/en\/wp-json\/wp\/v2\/pages\/33179"}],"wp:featuredmedia":[{"embeddable":true,"href":"https:\/\/www.stiftung-denkmal.de\/en\/wp-json\/wp\/v2\/media\/32659"}],"wp:attachment":[{"href":"https:\/\/www.stiftung-denkmal.de\/en\/wp-json\/wp\/v2\/media?parent=37016"}],"curies":[{"name":"wp","href":"https:\/\/api.w.org\/{rel}","templated":true}]}}